{"id":6,"date":"2021-01-03T01:52:36","date_gmt":"2021-01-03T01:52:36","guid":{"rendered":"https:\/\/nowwe.com.mx\/home\/?page_id=6"},"modified":"2022-03-15T19:50:05","modified_gmt":"2022-03-15T19:50:05","slug":"acerca-de","status":"publish","type":"page","link":"https:\/\/nowwe.com.mx\/home\/acerca-de\/","title":{"rendered":"Acerca de NowWe"},"content":{"rendered":"<div data-colibri-id=\"6-c1\" class=\"style-379 style-local-6-c1 position-relative\">\n  <!---->\n  <div data-colibri-component=\"section\" data-colibri-id=\"6-c2\" id=\"overlappable\" class=\"h-section h-section-global-spacing d-flex align-items-lg-center align-items-md-center align-items-center style-389 style-local-6-c2 position-relative\">\n    <!---->\n    <!---->\n    <div class=\"h-section-grid-container h-section-boxed-container\">\n      <!---->\n      <div data-colibri-id=\"6-c3\" class=\"h-row-container gutters-row-lg-0 gutters-row-md-0 gutters-row-2 gutters-row-v-lg-0 gutters-row-v-md-0 gutters-row-v-2 style-390 style-local-6-c3 position-relative\">\n        <!---->\n        <div class=\"h-row justify-content-lg-center justify-content-md-center justify-content-center align-items-lg-stretch align-items-md-stretch align-items-stretch gutters-col-lg-0 gutters-col-md-0 gutters-col-2 gutters-col-v-lg-0 gutters-col-v-md-0 gutters-col-v-2\">\n          <!---->\n          <div class=\"h-column h-column-container d-flex h-col-lg-3 h-col-md-3 h-col-12 style-391-outer style-local-6-c4-outer\">\n            <div data-colibri-id=\"6-c4\" class=\"d-flex h-flex-basis h-column__inner h-px-lg-3 h-px-md-3 h-px-2 v-inner-lg-3 v-inner-md-3 v-inner-2 style-391 style-local-6-c4 position-relative\">\n              <!---->\n              <!---->\n              <div class=\"w-100 h-y-container h-column__content h-column__v-align flex-basis-100 align-self-lg-center align-self-md-center align-self-center\">\n                <!---->\n                <div data-colibri-id=\"6-c5\" class=\"h-icon style-392 style-local-6-c5 position-relative h-element\">\n                  <!----><span class=\"h-svg-icon h-icon__icon style-392-icon style-local-6-c5-icon\"><!--Icon by Font Awesome (https:\/\/fontawesome.com)--><svg version=\"1.1\" xmlns=\"http:\/\/www.w3.org\/2000\/svg\" xmlns:xlink=\"http:\/\/www.w3.org\/1999\/xlink\" id=\"group\" viewBox=\"0 0 1920 1896.0833\"><path d=\"M593 896q-162 5-265 128H194q-82 0-138-40.5T0 865q0-353 124-353 6 0 43.5 21t97.5 42.5T384 597q67 0 133-23-5 37-5 66 0 139 81 256zm1071 637q0 120-73 189.5t-194 69.5H523q-121 0-194-69.5T256 1533q0-53 3.5-103.5t14-109T300 1212t43-97.5 62-81 85.5-53.5T602 960q10 0 43 21.5t73 48 107 48 135 21.5 135-21.5 107-48 73-48 43-21.5q61 0 111.5 20t85.5 53.5 62 81 43 97.5 26.5 108.5 14 109 3.5 103.5zM640 256q0 106-75 181t-181 75-181-75-75-181 75-181T384 0t181 75 75 181zm704 384q0 159-112.5 271.5T960 1024 688.5 911.5 576 640t112.5-271.5T960 256t271.5 112.5T1344 640zm576 225q0 78-56 118.5t-138 40.5h-134q-103-123-265-128 81-117 81-256 0-29-5-66 66 23 133 23 59 0 119-21.5t97.5-42.5 43.5-21q124 0 124 353zm-128-609q0 106-75 181t-181 75-181-75-75-181 75-181 181-75 181 75 75 181z\"><\/path><\/svg><\/span><\/div>\n                <div\n                  data-colibri-id=\"6-c6\" class=\"h-global-transition-all h-heading style-393 style-local-6-c6 position-relative h-element\">\n                  <!---->\n                  <div class=\"h-heading__outer style-393 style-local-6-c6\">\n                    <!---->\n                    <!---->\n                    <h5 class=\"\">Nosotros<\/h5>\n                  <\/div>\n              <\/div>\n              <div data-colibri-id=\"6-c7\" class=\"h-text h-text-component style-394 style-local-6-c7 position-relative h-element\">\n                <!---->\n                <!---->\n                <div class=\"\">\n                  <p>Queremos ayudar a los Latino Americanos a mejorar su calidad de vida al proveerles literalmente en sus manos de la mejor asistencia profesional para mejorar sus habilidades en el idioma ingl\u00e9s.<\/p>\n                <\/div>\n              <\/div>\n            <\/div>\n          <\/div>\n        <\/div>\n        <div class=\"h-column h-column-container d-flex h-col-lg-3 h-col-md-3 h-col-12 style-391-outer style-local-6-c8-outer\">\n          <div data-colibri-id=\"6-c8\" class=\"d-flex h-flex-basis h-column__inner h-px-lg-3 h-px-md-3 h-px-2 v-inner-lg-3 v-inner-md-3 v-inner-2 style-391 style-local-6-c8 position-relative\">\n            <!---->\n            <!---->\n            <div class=\"w-100 h-y-container h-column__content h-column__v-align flex-basis-100 align-self-lg-center align-self-md-center align-self-center\">\n              <!---->\n              <div data-colibri-id=\"6-c9\" class=\"h-icon style-392 style-local-6-c9 position-relative h-element\">\n                <!----><span class=\"h-svg-icon h-icon__icon style-392-icon style-local-6-c9-icon\"><!--Icon by Font Awesome (https:\/\/fontawesome.com)--><svg version=\"1.1\" xmlns=\"http:\/\/www.w3.org\/2000\/svg\" xmlns:xlink=\"http:\/\/www.w3.org\/1999\/xlink\" id=\"desktop\" viewBox=\"0 0 1920 1896.0833\"><path d=\"M1792 992V160q0-13-9.5-22.5T1760 128H160q-13 0-22.5 9.5T128 160v832q0 13 9.5 22.5t22.5 9.5h1600q13 0 22.5-9.5t9.5-22.5zm128-832v1088q0 66-47 113t-113 47h-544q0 37 16 77.5t32 71 16 43.5q0 26-19 45t-45 19H704q-26 0-45-19t-19-45q0-14 16-44t32-70 16-78H160q-66 0-113-47T0 1248V160Q0 94 47 47T160 0h1600q66 0 113 47t47 113z\"><\/path><\/svg><\/span><\/div>\n              <div\n                data-colibri-id=\"6-c10\" class=\"h-global-transition-all h-heading style-393 style-local-6-c10 position-relative h-element\">\n                <!---->\n                <div class=\"h-heading__outer style-393 style-local-6-c10\">\n                  <!---->\n                  <!---->\n                  <h5 class=\"\">plataforma<\/h5>\n                <\/div>\n            <\/div>\n            <div data-colibri-id=\"6-c11\" class=\"h-text h-text-component style-394 style-local-6-c11 position-relative h-element\">\n              <!---->\n              <!---->\n              <div class=\"\">\n                <p>Utilizamos una plataforma intuitiva y responsiva para facilitar el aprendizaje as\u00edncrono de nuestro curr\u00edculo pr\u00e1ctico y din\u00e1mico.<\/p>\n              <\/div>\n            <\/div>\n          <\/div>\n        <\/div>\n      <\/div>\n      <div class=\"h-column h-column-container d-flex h-col-lg-3 h-col-md-3 h-col-12 style-391-outer style-local-6-c12-outer\">\n        <div data-colibri-id=\"6-c12\" class=\"d-flex h-flex-basis h-column__inner h-px-lg-3 h-px-md-3 h-px-2 v-inner-lg-3 v-inner-md-3 v-inner-2 style-391 style-local-6-c12 position-relative\">\n          <!---->\n          <!---->\n          <div class=\"w-100 h-y-container h-column__content h-column__v-align flex-basis-100 align-self-lg-center align-self-md-center align-self-center\">\n            <!---->\n            <div data-colibri-id=\"6-c13\" class=\"h-icon style-392 style-local-6-c13 position-relative h-element\">\n              <!----><span class=\"h-svg-icon h-icon__icon style-392-icon style-local-6-c13-icon\"><!--Icon by Font Awesome (https:\/\/fontawesome.com)--><svg version=\"1.1\" xmlns=\"http:\/\/www.w3.org\/2000\/svg\" xmlns:xlink=\"http:\/\/www.w3.org\/1999\/xlink\" id=\"road\" viewBox=\"0 0 1920 1896.0833\"><path d=\"M1111 996v-4l-24-320q-1-13-11-22.5t-23-9.5H867q-13 0-23 9.5T833 672l-24 320v4q-1 12 8 20t21 8h244q12 0 21-8t8-20zm759 467q0 73-46 73h-704q13 0 22-9.5t8-22.5l-20-256q-1-13-11-22.5t-23-9.5H824q-13 0-23 9.5t-11 22.5l-20 256q-1 13 8 22.5t22 9.5H96q-46 0-46-73 0-54 26-116L493 303q8-19 26-33t38-14h339q-13 0-23 9.5T862 288l-15 192q-1 14 8 23t22 9h166q13 0 22-9t8-23l-15-192q-1-13-11-22.5t-23-9.5h339q20 0 38 14t26 33l417 1044q26 62 26 116z\"><\/path><\/svg><\/span><\/div>\n            <div\n              data-colibri-id=\"6-c14\" class=\"h-global-transition-all h-heading style-393 style-local-6-c14 position-relative h-element\">\n              <!---->\n              <div class=\"h-heading__outer style-393 style-local-6-c14\">\n                <!---->\n                <!---->\n                <h5 class=\"\">experiencia<\/h5>\n              <\/div>\n          <\/div>\n          <div data-colibri-id=\"6-c15\" class=\"h-text h-text-component style-394 style-local-6-c15 position-relative h-element\">\n            <!---->\n            <!---->\n            <div class=\"\">\n              <p>Contamos con m\u00e1s de 20 a\u00f1os de experiencia en la impartic\u00edon de idiomas y potenciamos tu aprendizaje con clases en vivo con maestros que te entienden.&nbsp; Nuestras clases son para Latino Americanos por Latino Americanos.<\/p>\n            <\/div>\n          <\/div>\n        <\/div>\n      <\/div>\n    <\/div>\n  <\/div>\n<\/div>\n<\/div>\n<\/div>\n<div data-colibri-component=\"section\" data-colibri-id=\"6-c16\" id=\"custom\" class=\"h-section h-section-global-spacing d-flex align-items-lg-center align-items-md-center align-items-center style-386 style-local-6-c16 position-relative\">\n  <!---->\n  <!---->\n  <div class=\"h-section-grid-container h-section-boxed-container\">\n    <!---->\n    <div data-colibri-id=\"6-c17\" class=\"h-row-container gutters-row-lg-2 gutters-row-md-2 gutters-row-0 gutters-row-v-lg-2 gutters-row-v-md-2 gutters-row-v-2 style-387 style-local-6-c17 position-relative\">\n      <!---->\n      <div class=\"h-row justify-content-lg-center justify-content-md-center justify-content-center align-items-lg-stretch align-items-md-stretch align-items-stretch gutters-col-lg-2 gutters-col-md-2 gutters-col-0 gutters-col-v-lg-2 gutters-col-v-md-2 gutters-col-v-2\">\n        <!---->\n        <div class=\"h-column h-column-container d-flex h-col-lg-auto h-col-md-auto h-col-auto style-388-outer style-local-6-c18-outer\">\n          <div data-colibri-id=\"6-c18\" class=\"d-flex h-flex-basis h-column__inner h-ui-empty-state-container h-px-lg-2 h-px-md-2 h-px-2 v-inner-lg-2 v-inner-md-2 v-inner-2 style-388 style-local-6-c18 position-relative\">\n            <!---->\n            <!---->\n            <div class=\"w-100 h-y-container h-column__content h-column__v-align flex-basis-100\">\n              <!---->\n            <\/div>\n          <\/div>\n        <\/div>\n      <\/div>\n    <\/div>\n  <\/div>\n<\/div>\n<\/div>","protected":false},"excerpt":{"rendered":"<p>Nosotros Queremos ayudar a los Latino Americanos a mejorar su calidad de vida al proveerles literalmente en sus manos de la mejor asistencia profesional para mejorar sus habilidades en el idioma ingl\u00e9s. plataforma Utilizamos una plataforma intuitiva y responsiva para facilitar el aprendizaje as\u00edncrono de nuestro curr\u00edculo pr\u00e1ctico y din\u00e1mico. experiencia Contamos con m\u00e1s de [&hellip;]<\/p>\n","protected":false},"author":1,"featured_media":0,"parent":0,"menu_order":0,"comment_status":"closed","ping_status":"closed","template":"page-templates\/full-width-page.php","meta":{"_monsterinsights_skip_tracking":false,"_monsterinsights_sitenote_active":false,"_monsterinsights_sitenote_note":"","_monsterinsights_sitenote_category":0,"footnotes":""},"class_list":["post-6","page","type-page","status-publish","hentry"],"yoast_head":"<!-- This site is optimized with the Yoast SEO plugin v27.2 - https:\/\/yoast.com\/product\/yoast-seo-wordpress\/ -->\n<title>Acerca de NowWe - Now We<\/title>\n<meta name=\"robots\" content=\"index, follow, max-snippet:-1, max-image-preview:large, max-video-preview:-1\" \/>\n<link rel=\"canonical\" href=\"https:\/\/nowwe.com.mx\/home\/acerca-de\/\" \/>\n<meta property=\"og:locale\" content=\"es_ES\" \/>\n<meta property=\"og:type\" content=\"article\" \/>\n<meta property=\"og:title\" content=\"Acerca de NowWe - Now We\" \/>\n<meta property=\"og:description\" content=\"Nosotros Queremos ayudar a los Latino Americanos a mejorar su calidad de vida al proveerles literalmente en sus manos de la mejor asistencia profesional para mejorar sus habilidades en el idioma ingl\u00e9s. plataforma Utilizamos una plataforma intuitiva y responsiva para facilitar el aprendizaje as\u00edncrono de nuestro curr\u00edculo pr\u00e1ctico y din\u00e1mico. experiencia Contamos con m\u00e1s de [&hellip;]\" \/>\n<meta property=\"og:url\" content=\"https:\/\/nowwe.com.mx\/home\/acerca-de\/\" \/>\n<meta property=\"og:site_name\" content=\"Now We\" \/>\n<meta property=\"article:modified_time\" content=\"2022-03-15T19:50:05+00:00\" \/>\n<meta name=\"twitter:card\" content=\"summary_large_image\" \/>\n<script type=\"application\/ld+json\" class=\"yoast-schema-graph\">{\"@context\":\"https:\/\/schema.org\",\"@graph\":[{\"@type\":\"WebPage\",\"@id\":\"https:\/\/nowwe.com.mx\/home\/acerca-de\/\",\"url\":\"https:\/\/nowwe.com.mx\/home\/acerca-de\/\",\"name\":\"Acerca de NowWe - Now We\",\"isPartOf\":{\"@id\":\"https:\/\/nowwe.com.mx\/home\/#website\"},\"datePublished\":\"2021-01-03T01:52:36+00:00\",\"dateModified\":\"2022-03-15T19:50:05+00:00\",\"breadcrumb\":{\"@id\":\"https:\/\/nowwe.com.mx\/home\/acerca-de\/#breadcrumb\"},\"inLanguage\":\"es\",\"potentialAction\":[{\"@type\":\"ReadAction\",\"target\":[\"https:\/\/nowwe.com.mx\/home\/acerca-de\/\"]}]},{\"@type\":\"BreadcrumbList\",\"@id\":\"https:\/\/nowwe.com.mx\/home\/acerca-de\/#breadcrumb\",\"itemListElement\":[{\"@type\":\"ListItem\",\"position\":1,\"name\":\"Portada\",\"item\":\"https:\/\/nowwe.com.mx\/home\/\"},{\"@type\":\"ListItem\",\"position\":2,\"name\":\"Acerca de NowWe\"}]},{\"@type\":\"WebSite\",\"@id\":\"https:\/\/nowwe.com.mx\/home\/#website\",\"url\":\"https:\/\/nowwe.com.mx\/home\/\",\"name\":\"Now We\",\"description\":\"Cursos de ingl\u00e9s para latinoamericanos\",\"publisher\":{\"@id\":\"https:\/\/nowwe.com.mx\/home\/#organization\"},\"potentialAction\":[{\"@type\":\"SearchAction\",\"target\":{\"@type\":\"EntryPoint\",\"urlTemplate\":\"https:\/\/nowwe.com.mx\/home\/?s={search_term_string}\"},\"query-input\":{\"@type\":\"PropertyValueSpecification\",\"valueRequired\":true,\"valueName\":\"search_term_string\"}}],\"inLanguage\":\"es\"},{\"@type\":\"Organization\",\"@id\":\"https:\/\/nowwe.com.mx\/home\/#organization\",\"name\":\"Now We Escuela de Idiomas\",\"url\":\"https:\/\/nowwe.com.mx\/home\/\",\"logo\":{\"@type\":\"ImageObject\",\"inLanguage\":\"es\",\"@id\":\"https:\/\/nowwe.com.mx\/home\/#\/schema\/logo\/image\/\",\"url\":\"https:\/\/nowwe.com.mx\/home\/wp-content\/uploads\/2021\/02\/Now-We-logo-2.png\",\"contentUrl\":\"https:\/\/nowwe.com.mx\/home\/wp-content\/uploads\/2021\/02\/Now-We-logo-2.png\",\"width\":7889,\"height\":1646,\"caption\":\"Now We Escuela de Idiomas\"},\"image\":{\"@id\":\"https:\/\/nowwe.com.mx\/home\/#\/schema\/logo\/image\/\"}}]}<\/script>\n<!-- \/ Yoast SEO plugin. -->","yoast_head_json":{"title":"Acerca de NowWe - Now We","robots":{"index":"index","follow":"follow","max-snippet":"max-snippet:-1","max-image-preview":"max-image-preview:large","max-video-preview":"max-video-preview:-1"},"canonical":"https:\/\/nowwe.com.mx\/home\/acerca-de\/","og_locale":"es_ES","og_type":"article","og_title":"Acerca de NowWe - Now We","og_description":"Nosotros Queremos ayudar a los Latino Americanos a mejorar su calidad de vida al proveerles literalmente en sus manos de la mejor asistencia profesional para mejorar sus habilidades en el idioma ingl\u00e9s. plataforma Utilizamos una plataforma intuitiva y responsiva para facilitar el aprendizaje as\u00edncrono de nuestro curr\u00edculo pr\u00e1ctico y din\u00e1mico. experiencia Contamos con m\u00e1s de [&hellip;]","og_url":"https:\/\/nowwe.com.mx\/home\/acerca-de\/","og_site_name":"Now We","article_modified_time":"2022-03-15T19:50:05+00:00","twitter_card":"summary_large_image","schema":{"@context":"https:\/\/schema.org","@graph":[{"@type":"WebPage","@id":"https:\/\/nowwe.com.mx\/home\/acerca-de\/","url":"https:\/\/nowwe.com.mx\/home\/acerca-de\/","name":"Acerca de NowWe - Now We","isPartOf":{"@id":"https:\/\/nowwe.com.mx\/home\/#website"},"datePublished":"2021-01-03T01:52:36+00:00","dateModified":"2022-03-15T19:50:05+00:00","breadcrumb":{"@id":"https:\/\/nowwe.com.mx\/home\/acerca-de\/#breadcrumb"},"inLanguage":"es","potentialAction":[{"@type":"ReadAction","target":["https:\/\/nowwe.com.mx\/home\/acerca-de\/"]}]},{"@type":"BreadcrumbList","@id":"https:\/\/nowwe.com.mx\/home\/acerca-de\/#breadcrumb","itemListElement":[{"@type":"ListItem","position":1,"name":"Portada","item":"https:\/\/nowwe.com.mx\/home\/"},{"@type":"ListItem","position":2,"name":"Acerca de NowWe"}]},{"@type":"WebSite","@id":"https:\/\/nowwe.com.mx\/home\/#website","url":"https:\/\/nowwe.com.mx\/home\/","name":"Now We","description":"Cursos de ingl\u00e9s para latinoamericanos","publisher":{"@id":"https:\/\/nowwe.com.mx\/home\/#organization"},"potentialAction":[{"@type":"SearchAction","target":{"@type":"EntryPoint","urlTemplate":"https:\/\/nowwe.com.mx\/home\/?s={search_term_string}"},"query-input":{"@type":"PropertyValueSpecification","valueRequired":true,"valueName":"search_term_string"}}],"inLanguage":"es"},{"@type":"Organization","@id":"https:\/\/nowwe.com.mx\/home\/#organization","name":"Now We Escuela de Idiomas","url":"https:\/\/nowwe.com.mx\/home\/","logo":{"@type":"ImageObject","inLanguage":"es","@id":"https:\/\/nowwe.com.mx\/home\/#\/schema\/logo\/image\/","url":"https:\/\/nowwe.com.mx\/home\/wp-content\/uploads\/2021\/02\/Now-We-logo-2.png","contentUrl":"https:\/\/nowwe.com.mx\/home\/wp-content\/uploads\/2021\/02\/Now-We-logo-2.png","width":7889,"height":1646,"caption":"Now We Escuela de Idiomas"},"image":{"@id":"https:\/\/nowwe.com.mx\/home\/#\/schema\/logo\/image\/"}}]}},"_links":{"self":[{"href":"https:\/\/nowwe.com.mx\/home\/wp-json\/wp\/v2\/pages\/6","targetHints":{"allow":["GET"]}}],"collection":[{"href":"https:\/\/nowwe.com.mx\/home\/wp-json\/wp\/v2\/pages"}],"about":[{"href":"https:\/\/nowwe.com.mx\/home\/wp-json\/wp\/v2\/types\/page"}],"author":[{"embeddable":true,"href":"https:\/\/nowwe.com.mx\/home\/wp-json\/wp\/v2\/users\/1"}],"replies":[{"embeddable":true,"href":"https:\/\/nowwe.com.mx\/home\/wp-json\/wp\/v2\/comments?post=6"}],"version-history":[{"count":11,"href":"https:\/\/nowwe.com.mx\/home\/wp-json\/wp\/v2\/pages\/6\/revisions"}],"predecessor-version":[{"id":1012,"href":"https:\/\/nowwe.com.mx\/home\/wp-json\/wp\/v2\/pages\/6\/revisions\/1012"}],"wp:attachment":[{"href":"https:\/\/nowwe.com.mx\/home\/wp-json\/wp\/v2\/media?parent=6"}],"curies":[{"name":"wp","href":"https:\/\/api.w.org\/{rel}","templated":true}]}}